{"id":920,"date":"2022-05-16T14:15:51","date_gmt":"2022-05-16T12:15:51","guid":{"rendered":"https:\/\/yourpsl.org\/?page_id=920"},"modified":"2022-07-22T12:10:34","modified_gmt":"2022-07-22T10:10:34","slug":"espace-membre","status":"publish","type":"page","link":"https:\/\/yourpsl.org\/fr\/espace-membre\/","title":{"rendered":"Espace membre"},"content":{"rendered":"Vous devez \u00eatre connect\u00e9 pour voir ce contenu.","protected":false},"excerpt":{"rendered":"Vous devez \u00eatre connect\u00e9 pour voir ce contenu.","protected":false},"author":204,"featured_media":0,"parent":0,"menu_order":0,"comment_status":"closed","ping_status":"closed","template":"","meta":[],"_links":{"self":[{"href":"https:\/\/yourpsl.org\/fr\/wp-json\/wp\/v2\/pages\/920"}],"collection":[{"href":"https:\/\/yourpsl.org\/fr\/wp-json\/wp\/v2\/pages"}],"about":[{"href":"https:\/\/yourpsl.org\/fr\/wp-json\/wp\/v2\/types\/page"}],"author":[{"embeddable":true,"href":"https:\/\/yourpsl.org\/fr\/wp-json\/wp\/v2\/users\/204"}],"replies":[{"embeddable":true,"href":"https:\/\/yourpsl.org\/fr\/wp-json\/wp\/v2\/comments?post=920"}],"version-history":[{"count":51,"href":"https:\/\/yourpsl.org\/fr\/wp-json\/wp\/v2\/pages\/920\/revisions"}],"predecessor-version":[{"id":1303,"href":"https:\/\/yourpsl.org\/fr\/wp-json\/wp\/v2\/pages\/920\/revisions\/1303"}],"wp:attachment":[{"href":"https:\/\/yourpsl.org\/fr\/wp-json\/wp\/v2\/media?parent=920"}],"curies":[{"name":"wp","href":"https:\/\/api.w.org\/{rel}","templated":true}]}}