{"id":774,"date":"2022-03-02T10:23:19","date_gmt":"2022-03-02T09:23:19","guid":{"rendered":"http:\/\/yourpsl.org\/?page_id=774"},"modified":"2022-07-22T12:10:33","modified_gmt":"2022-07-22T10:10:33","slug":"a-propos-de-nous-2","status":"publish","type":"page","link":"https:\/\/yourpsl.org\/fr\/a-propos-de-nous-2\/","title":{"rendered":"\u00c0 propos de nous"},"content":{"rendered":"\n<p>YouR PSL connecte les jeunes chercheur.e.s (\u00e9tudiant.e.s en Master, doctorant.e.s et post-doctorant.e.s) issu.e.s de diverses disciplines et de toutes les institutions de PSL. En tant que communit\u00e9 d\u2019\u00e9tudiant.e.s docteur.e.s, nous proposons un forum qui facilite l\u2019\u00e9change, le parrainage et les opportunit\u00e9s de rencontrer des repr\u00e9sentants d\u2019entreprises.<\/p>\n\n\n\n<p>Association r\u00e9gie par loi 1901, YouR PSL regroupe des chercheurs et chercheuses de Paris Sciences et Lettres (PSL). \u00c0 travers l\u2019ensemble des \u00e9tablissements de l\u2019universit\u00e9 PSL, notre association a pour but de promouvoir l\u2019\u00e9change entre des chercheurs issus d\u2019horizons acad\u00e9miques et culturelles divers et vari\u00e9s. L\u2019association permet aux \u00e9tudiant.es des masters de recherche, les doctorant.es et les post-doctorant.es de se connecter, d\u2019\u00e9changer et de monter des projets autour de leurs th\u00e8mes de pr\u00e9dilection.<\/p>\n\n\n\n<p>Au-del\u00e0 de ce r\u00f4le de catalyseur des synergies, YouR PSL encourage la prise en compte des perspectives d\u2019application des recherches acad\u00e9miques aux diff\u00e9rents mondes de l\u2019entreprise. La vie de chercheur ou de chercheuse ne se borne pas \u00e0 l\u2019univers acad\u00e9mique&nbsp;; elle peut en effet s\u2019\u00e9tendre \u00e0 l\u2019entreprenariat. Il s\u2019agit pour nous de comprendre le monde de la recherche pour non seulement mieux s\u2019y ins\u00e9rer mais aussi s\u2019en \u00e9manciper ponctuellement.<\/p>\n\n\n\n<p><strong>YouR PSL (Young Researchers from PSL)<\/strong>&nbsp;est la toute nouvelle association des jeunes chercheurs issus des \u00e9tablissements de&nbsp;<strong>Paris Sciences et Lettres<\/strong>&nbsp;(ENS, ESPCI Paris, les Beaux-Arts, la F\u00e9mis\u2026).<\/p>\n\n\n\n<p>Nos buts sont de:<\/p>\n\n\n\n<ul><li>Proposer des \u00e9v\u00e8nements de&nbsp;<strong>campus<\/strong>&nbsp;aux institutions sans association<\/li><li>Cr\u00e9er un<strong>&nbsp;r\u00e9seau<\/strong>&nbsp;des jeunes chercheurs des diff\u00e9rentes institutions de&nbsp;<strong>PSL<\/strong><\/li><li>Vous connecter avec d\u2019<strong>autres universit\u00e9s<\/strong>&nbsp;fran\u00e7aises et \u00e9trang\u00e8res<\/li><li>Faciliter l\u2019insertion des&nbsp;<strong>\u00e9trangers<\/strong>&nbsp;dans PSL<\/li><li>Proposer un large panel d\u2019<strong>activit\u00e9s<\/strong>&nbsp;sociales ou culturelles<\/li><li>Am\u00e9liorer l\u2019<strong>int\u00e9gration professionnelle<\/strong>&nbsp;des docteurs<\/li><li>Sensibiliser \u00e0 l\u2019<strong>entrepreneuriat<\/strong>&nbsp;et accompagner vos projets, clubs et initiatives PSL<\/li><\/ul>\n\n\n\n<p><strong>Vous recevrez toutes les d\u00e9tails en adh\u00e9rent \u00e0 l\u2019association et en suivant notre page&nbsp;<\/strong><a href=\"https:\/\/www.facebook.com\/YouRPSL\/\"><strong>Facebook<\/strong><\/a><strong>.<\/strong><\/p>\n","protected":false},"excerpt":{"rendered":"<p>YouR PSL connecte les jeunes chercheur.e.s (\u00e9tudiant.e.s en Master, doctorant.e.s et post-doctorant.e.s) issu.e.s de diverses disciplines et de toutes les institutions de PSL. En tant que communit\u00e9 d\u2019\u00e9tudiant.e.s docteur.e.s, nous proposons un forum qui facilite l\u2019\u00e9change, le parrainage et les <a href=\"https:\/\/yourpsl.org\/fr\/a-propos-de-nous-2\/\" class=\"read-more\">Read More &#8230;<\/a><\/p>\n","protected":false},"author":204,"featured_media":0,"parent":0,"menu_order":0,"comment_status":"closed","ping_status":"closed","template":"","meta":[],"_links":{"self":[{"href":"https:\/\/yourpsl.org\/fr\/wp-json\/wp\/v2\/pages\/774"}],"collection":[{"href":"https:\/\/yourpsl.org\/fr\/wp-json\/wp\/v2\/pages"}],"about":[{"href":"https:\/\/yourpsl.org\/fr\/wp-json\/wp\/v2\/types\/page"}],"author":[{"embeddable":true,"href":"https:\/\/yourpsl.org\/fr\/wp-json\/wp\/v2\/users\/204"}],"replies":[{"embeddable":true,"href":"https:\/\/yourpsl.org\/fr\/wp-json\/wp\/v2\/comments?post=774"}],"version-history":[{"count":2,"href":"https:\/\/yourpsl.org\/fr\/wp-json\/wp\/v2\/pages\/774\/revisions"}],"predecessor-version":[{"id":777,"href":"https:\/\/yourpsl.org\/fr\/wp-json\/wp\/v2\/pages\/774\/revisions\/777"}],"wp:attachment":[{"href":"https:\/\/yourpsl.org\/fr\/wp-json\/wp\/v2\/media?parent=774"}],"curies":[{"name":"wp","href":"https:\/\/api.w.org\/{rel}","templated":true}]}}