{"id":62,"date":"2020-09-27T22:27:23","date_gmt":"2020-09-27T20:27:23","guid":{"rendered":"http:\/\/yourpsl.org\/?page_id=62"},"modified":"2022-07-25T09:58:51","modified_gmt":"2022-07-25T07:58:51","slug":"a-propos-de-nous","status":"publish","type":"page","link":"https:\/\/yourpsl.org\/fr\/","title":{"rendered":"Bienvenue !"},"content":{"rendered":"\n<p>YouR PSL connecte les jeunes chercheur.e.s (\u00e9tudiant.e.s en Master, doctorant.e.s et post-doctorant.e.s) issu.e.s de diverses disciplines et de toutes les institutions de PSL. En tant que communaut\u00e9 d\u2019\u00e9tudiant.e.s docteur.e.s, nous proposons un forum qui facilite l\u2019\u00e9change, le parrainage et les opportunit\u00e9s de rencontrer des repr\u00e9sentants d\u2019entreprises.<\/p>\n","protected":false},"excerpt":{"rendered":"<p>YouR PSL connecte les jeunes chercheur.e.s (\u00e9tudiant.e.s en Master, doctorant.e.s et post-doctorant.e.s) issu.e.s de diverses disciplines et de toutes les institutions de PSL. En tant que communaut\u00e9 d\u2019\u00e9tudiant.e.s docteur.e.s, nous proposons un forum qui facilite l\u2019\u00e9change, le parrainage et les <a href=\"https:\/\/yourpsl.org\/fr\/\" class=\"read-more\">Read More &#8230;<\/a><\/p>\n","protected":false},"author":1,"featured_media":444,"parent":0,"menu_order":0,"comment_status":"closed","ping_status":"closed","template":"","meta":[],"_links":{"self":[{"href":"https:\/\/yourpsl.org\/fr\/wp-json\/wp\/v2\/pages\/62"}],"collection":[{"href":"https:\/\/yourpsl.org\/fr\/wp-json\/wp\/v2\/pages"}],"about":[{"href":"https:\/\/yourpsl.org\/fr\/wp-json\/wp\/v2\/types\/page"}],"author":[{"embeddable":true,"href":"https:\/\/yourpsl.org\/fr\/wp-json\/wp\/v2\/users\/1"}],"replies":[{"embeddable":true,"href":"https:\/\/yourpsl.org\/fr\/wp-json\/wp\/v2\/comments?post=62"}],"version-history":[{"count":29,"href":"https:\/\/yourpsl.org\/fr\/wp-json\/wp\/v2\/pages\/62\/revisions"}],"predecessor-version":[{"id":1627,"href":"https:\/\/yourpsl.org\/fr\/wp-json\/wp\/v2\/pages\/62\/revisions\/1627"}],"wp:featuredmedia":[{"embeddable":true,"href":"https:\/\/yourpsl.org\/fr\/wp-json\/wp\/v2\/media\/444"}],"wp:attachment":[{"href":"https:\/\/yourpsl.org\/fr\/wp-json\/wp\/v2\/media?parent=62"}],"curies":[{"name":"wp","href":"https:\/\/api.w.org\/{rel}","templated":true}]}}