{"id":55,"date":"2020-09-27T22:27:23","date_gmt":"2020-09-27T20:27:23","guid":{"rendered":"http:\/\/yourpsl.org\/?page_id=55"},"modified":"2022-07-22T12:10:34","modified_gmt":"2022-07-22T10:10:34","slug":"membership-2","status":"publish","type":"page","link":"https:\/\/yourpsl.org\/fr\/membership-2\/","title":{"rendered":"Adh\u00e9sion \u00e0 l&rsquo;association"},"content":{"rendered":"\n<p><\/p>\n\n\n\n<p>Tu peux <strong>adh\u00e9rer<\/strong> \u00e0 l&rsquo;association sur <a href=\"https:\/\/www.helloasso.com\/associations\/your-psl\/adhesions\/your-psl-membership\" data-type=\"URL\" data-id=\"https:\/\/www.helloasso.com\/associations\/your-psl\/adhesions\/your-psl-membership\"><strong>HelloAsso<\/strong><\/a>!<\/p>\n\n\n\n<p>La cotisation est de 5\u20ac (align\u00e9e sur toutes les autres associations de jeunes chercheurs) et te permet d&rsquo;\u00eatre couvert par nos assurance lors de nos activit\u00e9s.<\/p>\n\n\n\n<p>\u00catre membre te permet d&rsquo;avoir acc\u00e8s \u00e0 des \u00e9v\u00e9nements r\u00e9serv\u00e9s et de b\u00e9n\u00e9ficier du tarif r\u00e9serv\u00e9 aux adh\u00e9rents pour nos \u00e9v\u00e9nements payants.<\/p>\n\n\n\n<p>Si tu souhaites t&rsquo;engager dans l&rsquo;organisation d&rsquo;activit\u00e9s en rejoignant l&rsquo;\u00e9quipe qui g\u00e8re YouR PSL, la cotisation est offerte.<\/p>\n\n\n\n<p>Tu peux aussi t&rsquo;inscrire gratuitement \u00e0 notre <strong>mailing-list <\/strong>en <a href=\"https:\/\/forms.gle\/Ee96Mt6DEm5ZZumd7\" data-type=\"URL\" data-id=\"https:\/\/forms.gle\/Ee96Mt6DEm5ZZumd7\">remplissant ce formulaire<\/a>.<\/p>\n\n\n\n<p><\/p>\n","protected":false},"excerpt":{"rendered":"<p>Tu peux adh\u00e9rer \u00e0 l&rsquo;association sur HelloAsso! La cotisation est de 5\u20ac (align\u00e9e sur toutes les autres associations de jeunes chercheurs) et te permet d&rsquo;\u00eatre couvert par nos assurance lors de nos activit\u00e9s. \u00catre membre te permet d&rsquo;avoir acc\u00e8s \u00e0 <a href=\"https:\/\/yourpsl.org\/fr\/membership-2\/\" class=\"read-more\">Read More &#8230;<\/a><\/p>\n","protected":false},"author":1,"featured_media":1205,"parent":0,"menu_order":0,"comment_status":"closed","ping_status":"closed","template":"","meta":[],"_links":{"self":[{"href":"https:\/\/yourpsl.org\/fr\/wp-json\/wp\/v2\/pages\/55"}],"collection":[{"href":"https:\/\/yourpsl.org\/fr\/wp-json\/wp\/v2\/pages"}],"about":[{"href":"https:\/\/yourpsl.org\/fr\/wp-json\/wp\/v2\/types\/page"}],"author":[{"embeddable":true,"href":"https:\/\/yourpsl.org\/fr\/wp-json\/wp\/v2\/users\/1"}],"replies":[{"embeddable":true,"href":"https:\/\/yourpsl.org\/fr\/wp-json\/wp\/v2\/comments?post=55"}],"version-history":[{"count":8,"href":"https:\/\/yourpsl.org\/fr\/wp-json\/wp\/v2\/pages\/55\/revisions"}],"predecessor-version":[{"id":494,"href":"https:\/\/yourpsl.org\/fr\/wp-json\/wp\/v2\/pages\/55\/revisions\/494"}],"wp:featuredmedia":[{"embeddable":true,"href":"https:\/\/yourpsl.org\/fr\/wp-json\/wp\/v2\/media\/1205"}],"wp:attachment":[{"href":"https:\/\/yourpsl.org\/fr\/wp-json\/wp\/v2\/media?parent=55"}],"curies":[{"name":"wp","href":"https:\/\/api.w.org\/{rel}","templated":true}]}}