{"id":331,"date":"2021-05-16T19:09:26","date_gmt":"2021-05-16T17:09:26","guid":{"rendered":"http:\/\/yourpsl.org\/?page_id=331"},"modified":"2022-07-22T12:10:34","modified_gmt":"2022-07-22T10:10:34","slug":"les-asso","status":"publish","type":"page","link":"https:\/\/yourpsl.org\/fr\/les-asso\/","title":{"rendered":"Les associations des jeunes chercheurs de PSL"},"content":{"rendered":"\n<figure class=\"wp-container-2 wp-block-gallery-1 wp-block-gallery has-nested-images columns-default is-cropped\">\n<figure class=\"wp-block-image size-large\"><img loading=\"lazy\" width=\"1024\" height=\"815\" data-id=\"1375\"  src=\"https:\/\/yourpsl.org\/wp-content\/uploads\/2021\/05\/logo_atcp-1024x815.png\" alt=\"\" class=\"wp-image-1375\" srcset=\"https:\/\/yourpsl.org\/wp-content\/uploads\/2021\/05\/logo_atcp-1024x815.png 1024w, https:\/\/yourpsl.org\/wp-content\/uploads\/2021\/05\/logo_atcp-300x239.png 300w, https:\/\/yourpsl.org\/wp-content\/uploads\/2021\/05\/logo_atcp-768x611.png 768w, https:\/\/yourpsl.org\/wp-content\/uploads\/2021\/05\/logo_atcp-339x270.png 339w, https:\/\/yourpsl.org\/wp-content\/uploads\/2021\/05\/logo_atcp.png 1524w\" sizes=\"(max-width: 1024px) 100vw, 1024px\" \/><figcaption>L\u2019ATCP regroupe les doctorants de l\u2019ENSCP &#8211; PSL. <a href=\"https:\/\/www.chimieparistech.psl.eu\/vie-etudiante\/associations-clubs\/www.facebook.com\/atcp2015\/\">Facebook<\/a>, <a href=\"mailto:atcp@chimieparistech.psl.eu\"><strong>atcp(at)chimieparistech.psl.eu<\/strong><\/a><\/figcaption><\/figure>\n\n\n\n<figure class=\"wp-block-image size-large\"><img loading=\"lazy\" width=\"1000\" height=\"1000\" data-id=\"1371\"  src=\"https:\/\/yourpsl.org\/wp-content\/uploads\/2021\/05\/bde-observatoire.jpg\" alt=\"\" class=\"wp-image-1371\" srcset=\"https:\/\/yourpsl.org\/wp-content\/uploads\/2021\/05\/bde-observatoire.jpg 1000w, https:\/\/yourpsl.org\/wp-content\/uploads\/2021\/05\/bde-observatoire-300x300.jpg 300w, https:\/\/yourpsl.org\/wp-content\/uploads\/2021\/05\/bde-observatoire-150x150.jpg 150w, https:\/\/yourpsl.org\/wp-content\/uploads\/2021\/05\/bde-observatoire-768x768.jpg 768w, https:\/\/yourpsl.org\/wp-content\/uploads\/2021\/05\/bde-observatoire-270x270.jpg 270w\" sizes=\"(max-width: 1000px) 100vw, 1000px\" \/><figcaption>Le Bde de l\u2019Observatoire rassemble les masters et doctorants de l\u2019Observatoire de Paris &#8211; PSL. <a href=\"https:\/\/bdeobsparis.fr\/\">Page web<\/a>, <a href=\"https:\/\/www.facebook.com\/bde.obs.paris\">Facebook<\/a>, <a href=\"https:\/\/www.instagram.com\/bde_obs_paris\/\">Instagram<\/a>,&nbsp; <a href=\"mailto:bde.obspm@gmail.com\"><strong>bde.obspm(at)gmail.com<\/strong><\/a><\/figcaption><\/figure>\n\n\n\n<figure class=\"wp-block-image size-large\"><img loading=\"lazy\" width=\"700\" height=\"700\" data-id=\"1378\"  src=\"https:\/\/yourpsl.org\/wp-content\/uploads\/2021\/05\/64-DOPAMINES_logo_aq_960-3.jpg\" alt=\"\" class=\"wp-image-1378\" srcset=\"https:\/\/yourpsl.org\/wp-content\/uploads\/2021\/05\/64-DOPAMINES_logo_aq_960-3.jpg 700w, https:\/\/yourpsl.org\/wp-content\/uploads\/2021\/05\/64-DOPAMINES_logo_aq_960-3-300x300.jpg 300w, https:\/\/yourpsl.org\/wp-content\/uploads\/2021\/05\/64-DOPAMINES_logo_aq_960-3-150x150.jpg 150w, https:\/\/yourpsl.org\/wp-content\/uploads\/2021\/05\/64-DOPAMINES_logo_aq_960-3-270x270.jpg 270w\" sizes=\"(max-width: 700px) 100vw, 700px\" \/><figcaption>Dopamines rassemble les doctorants des diff\u00e9rents sites des Mines de Paris. <a href=\"https:\/\/dopamines.minesparis.psl.eu\/\">Page web<\/a><\/figcaption><\/figure>\n\n\n\n<figure class=\"wp-block-image size-large\"><img loading=\"lazy\" width=\"212\" height=\"212\" data-id=\"1377\"  src=\"https:\/\/yourpsl.org\/wp-content\/uploads\/2021\/05\/logo_spibens.jpg\" alt=\"\" class=\"wp-image-1377\" srcset=\"https:\/\/yourpsl.org\/wp-content\/uploads\/2021\/05\/logo_spibens.jpg 212w, https:\/\/yourpsl.org\/wp-content\/uploads\/2021\/05\/logo_spibens-150x150.jpg 150w\" sizes=\"(max-width: 212px) 100vw, 212px\" \/><figcaption>SPIBENS regroupe les doctorants et les post-doctorants de l\u2019Institut de Biologie de l\u2019ENS &#8211; PSL. <a href=\"https:\/\/www.biologie.ens.fr\/depbio\/spip.php?article23\">Page web<\/a>, <a href=\"https:\/\/www.facebook.com\/groups\/spibens\">Facebook<\/a>, <a href=\"https:\/\/l.facebook.com\/l.php?u=https%3A%2F%2Ftwitter.com%2Fspibens%3Ffbclid%3DIwAR2iTTMC6zOi5kvPiZsx_qaGzszjaVp7pZ8Dhp9jy5MNku7xM9EKPGmft5g&amp;h=AT3j97E8rkR7YKo_WuQtu9S-Apyxrqw_AqFNBmSGUvSDJv_e4um4XF1ORgWCBTRSaGgMkqfcfemGP9TFO10KOeq8O5MepCNdFcf0uzNeSmkF-9EGDBFyrSEdDEjz9sNh7bAh\">Twitter<\/a>,&nbsp; <a href=\"mailto:spibens_bureau@biologie.ens.fr\"><strong>spibens_bureau(at)biologie.ens.fr<\/strong><\/a><\/figcaption><\/figure>\n\n\n\n<figure class=\"wp-block-image size-large\"><img loading=\"lazy\" width=\"792\" height=\"543\" data-id=\"1374\"  src=\"https:\/\/yourpsl.org\/wp-content\/uploads\/2021\/05\/logo_adic.png\" alt=\"\" class=\"wp-image-1374\" srcset=\"https:\/\/yourpsl.org\/wp-content\/uploads\/2021\/05\/logo_adic.png 792w, https:\/\/yourpsl.org\/wp-content\/uploads\/2021\/05\/logo_adic-300x206.png 300w, https:\/\/yourpsl.org\/wp-content\/uploads\/2021\/05\/logo_adic-768x527.png 768w, https:\/\/yourpsl.org\/wp-content\/uploads\/2021\/05\/logo_adic-360x247.png 360w\" sizes=\"(max-width: 792px) 100vw, 792px\" \/><figcaption>ADIC regroupe les doctorants et jeunes post-doctorants de l\u2019Institut Curie. <a href=\"https:\/\/institut-curie.org\/page\/adic\">Page web<\/a>, <a href=\"https:\/\/www.facebook.com\/uadic\">Facebook<\/a>, <a href=\"https:\/\/twitter.com\/CurieAdic\">Twitter<\/a>, <a href=\"https:\/\/www.instagram.com\/uadic\/\">Instagram<\/a>, <a href=\"https:\/\/www.linkedin.com\/in\/icurieadic\/\">Linkedin<\/a>,&nbsp; <a href=\"mailto:u-adic@curie.fr\"><strong>u-adic(at)curie.fr<\/strong><\/a><\/figcaption><\/figure>\n\n\n\n<figure class=\"wp-block-image size-large\"><img loading=\"lazy\" width=\"675\" height=\"675\" data-id=\"1376\"  src=\"https:\/\/yourpsl.org\/wp-content\/uploads\/2021\/05\/logo_chadoc.jpg\" alt=\"\" class=\"wp-image-1376\" srcset=\"https:\/\/yourpsl.org\/wp-content\/uploads\/2021\/05\/logo_chadoc.jpg 675w, https:\/\/yourpsl.org\/wp-content\/uploads\/2021\/05\/logo_chadoc-300x300.jpg 300w, https:\/\/yourpsl.org\/wp-content\/uploads\/2021\/05\/logo_chadoc-150x150.jpg 150w, https:\/\/yourpsl.org\/wp-content\/uploads\/2021\/05\/logo_chadoc-270x270.jpg 270w\" sizes=\"(max-width: 675px) 100vw, 675px\" \/><figcaption>ChADoC regroupe les ma\u00eetres de conf\u00e9rences associ\u00e9s, les ATER, les doctorants et les postdoctorants du Coll\u00e8ge de France. <a href=\"https:\/\/www.college-de-france.fr\/site\/chercheurs\/chercheurs-associes-doctorants.htm\">Page web<\/a>, <a href=\"https:\/\/www.facebook.com\/profile.php?id=100014498649198\">Facebook<\/a>, <a href=\"https:\/\/www.linkedin.com\/in\/association-chadoc-947025201\/\">Linkedin<\/a>, <a href=\"mailto:association.chadoc@college-de-france.fr\"><strong>association.chadoc(at)college-de-france.fr<\/strong><\/a><\/figcaption><\/figure>\n<\/figure>\n","protected":false},"excerpt":{"rendered":"","protected":false},"author":10,"featured_media":0,"parent":0,"menu_order":0,"comment_status":"closed","ping_status":"closed","template":"","meta":[],"_links":{"self":[{"href":"https:\/\/yourpsl.org\/fr\/wp-json\/wp\/v2\/pages\/331"}],"collection":[{"href":"https:\/\/yourpsl.org\/fr\/wp-json\/wp\/v2\/pages"}],"about":[{"href":"https:\/\/yourpsl.org\/fr\/wp-json\/wp\/v2\/types\/page"}],"author":[{"embeddable":true,"href":"https:\/\/yourpsl.org\/fr\/wp-json\/wp\/v2\/users\/10"}],"replies":[{"embeddable":true,"href":"https:\/\/yourpsl.org\/fr\/wp-json\/wp\/v2\/comments?post=331"}],"version-history":[{"count":4,"href":"https:\/\/yourpsl.org\/fr\/wp-json\/wp\/v2\/pages\/331\/revisions"}],"predecessor-version":[{"id":1577,"href":"https:\/\/yourpsl.org\/fr\/wp-json\/wp\/v2\/pages\/331\/revisions\/1577"}],"wp:attachment":[{"href":"https:\/\/yourpsl.org\/fr\/wp-json\/wp\/v2\/media?parent=331"}],"curies":[{"name":"wp","href":"https:\/\/api.w.org\/{rel}","templated":true}]}}