{"id":234,"date":"2020-11-26T21:51:12","date_gmt":"2020-11-26T20:51:12","guid":{"rendered":"http:\/\/yourpsl.org\/?page_id=234"},"modified":"2022-07-22T12:10:35","modified_gmt":"2022-07-22T10:10:35","slug":"pole-carriere-2","status":"publish","type":"page","link":"https:\/\/yourpsl.org\/fr\/pole-carriere-2\/","title":{"rendered":"P\u00f4le carri\u00e8re"},"content":{"rendered":"\n<p>Le p\u00f4le carri\u00e8re de YouR PSL vise \u00e0 offrir \u00e0 nos membres des opportunit\u00e9s en dehors de leurs laboratoires et de leurs cours afin de pr\u00e9parer leur avenir professionnel. Gr\u00e2ce aux nombreux cours et \u00e9v\u00e9nements que nous organisons, nous esp\u00e9rons que nos membres pourront sortir des sentiers battus en acqu\u00e9rant une bonne compr\u00e9hension du march\u00e9 du travail de la recherche. Ils peuvent d\u00e9couvrir de multiples opportunit\u00e9s souvent ignor\u00e9es, et ainsi se positionner avec efficacit\u00e9.<\/p>\n\n\n\n<p>Nous essaierons de couvrir tous les sujets que PSL propose, des sciences \u00e0 la litt\u00e9rature. Et quelle que soit la carri\u00e8re ambitionn\u00e9e dans le milieu universitaire, l&rsquo;industrie ou les organisations sociales, nous nous efforcerons de couvrir plusieurs secteurs afin que tous nos jeunes chercheurs puissent participer.<\/p>\n\n\n\n<p>Formation professionnelle<br>Entretien professionnel<br>Visite d&rsquo;entreprise<br>Mise en r\u00e9seau<br>Ressources<\/p>\n\n\n\n<p><\/p>\n","protected":false},"excerpt":{"rendered":"<p>Le p\u00f4le carri\u00e8re de YouR PSL vise \u00e0 offrir \u00e0 nos membres des opportunit\u00e9s en dehors de leurs laboratoires et de leurs cours afin de pr\u00e9parer leur avenir professionnel. Gr\u00e2ce aux nombreux cours et \u00e9v\u00e9nements que nous organisons, nous esp\u00e9rons <a href=\"https:\/\/yourpsl.org\/fr\/pole-carriere-2\/\" class=\"read-more\">Read More &#8230;<\/a><\/p>\n","protected":false},"author":10,"featured_media":0,"parent":0,"menu_order":0,"comment_status":"closed","ping_status":"closed","template":"","meta":[],"_links":{"self":[{"href":"https:\/\/yourpsl.org\/fr\/wp-json\/wp\/v2\/pages\/234"}],"collection":[{"href":"https:\/\/yourpsl.org\/fr\/wp-json\/wp\/v2\/pages"}],"about":[{"href":"https:\/\/yourpsl.org\/fr\/wp-json\/wp\/v2\/types\/page"}],"author":[{"embeddable":true,"href":"https:\/\/yourpsl.org\/fr\/wp-json\/wp\/v2\/users\/10"}],"replies":[{"embeddable":true,"href":"https:\/\/yourpsl.org\/fr\/wp-json\/wp\/v2\/comments?post=234"}],"version-history":[{"count":1,"href":"https:\/\/yourpsl.org\/fr\/wp-json\/wp\/v2\/pages\/234\/revisions"}],"predecessor-version":[{"id":235,"href":"https:\/\/yourpsl.org\/fr\/wp-json\/wp\/v2\/pages\/234\/revisions\/235"}],"wp:attachment":[{"href":"https:\/\/yourpsl.org\/fr\/wp-json\/wp\/v2\/media?parent=234"}],"curies":[{"name":"wp","href":"https:\/\/api.w.org\/{rel}","templated":true}]}}