{"id":232,"date":"2021-05-17T16:20:11","date_gmt":"2021-05-17T14:20:11","guid":{"rendered":"http:\/\/yourpsl.org\/?page_id=232"},"modified":"2022-07-30T15:36:57","modified_gmt":"2022-07-30T13:36:57","slug":"pole-entrepreneuriat","status":"publish","type":"page","link":"https:\/\/yourpsl.org\/fr\/pole-entrepreneuriat\/","title":{"rendered":"P\u00f4le entrepreneuriat"},"content":{"rendered":"\n<p>Cr\u00e9\u00e9 en 2019, le d\u00e9partement Entrepreneuriat a pour but de promouvoir l&rsquo;entrepreneuriat dans les choix de carri\u00e8re des chercheurs et chercheuses de PSL. Les actions visent \u00e0 donner acc\u00e8s aux \u00e9l\u00e9ments de l&rsquo;entrepreneuriat. YouR Psl entends devenir une plateforme pour les innovateurs en d\u00e9but de carri\u00e8re afin de cr\u00e9er un r\u00e9seau avec les acteurs cl\u00e9s de l&rsquo;\u00e9cosyst\u00e8me de PSL et de Paris.<br>Nous collaborons notamment avec <a href=\"https:\/\/psl.eu\/en\/innovation\/enterprise-innovation-psl-people\" data-type=\"URL\" data-id=\"https:\/\/psl.eu\/en\/innovation\/enterprise-innovation-psl-people\">PSL Valorisation<\/a>, qui est le bureau visant \u00e0 acc\u00e8l\u00e9rer les transfert de technologies bas\u00e9s au sein de PSL et <a href=\"https:\/\/www.p2i-network.eu\/\" data-type=\"URL\" data-id=\"https:\/\/www.p2i-network.eu\/\">p2i<\/a> pour organiser les \u00e9v\u00e9nements.<\/p>\n\n\n\n<p>Il soutient les \u00e9quipes de recherche de PSL dans l&rsquo;identification et\/ou la protection des droits de propri\u00e9t\u00e9 intellectuelle (PI), le d\u00e9p\u00f4t de brevets, le financement de projets jusqu&rsquo;\u00e0 la validation du concept et la cr\u00e9ation d&rsquo;entreprises.<\/p>\n\n\n\n<p>Quant \u00e0 Postdocs to innovators (p2i), il regroupe les principaux \u00e9cosyst\u00e8mes d&rsquo;Europe dont Paris, Berlin, Cambridge, Innsbruck et Edimbourg. Cette association organise tout au long de l&rsquo;ann\u00e9e des \u00e9v\u00e9nements permettant aux postdocs d&rsquo;acc\u00e9der \u00e0 l&rsquo;entrepreneuriat et d&rsquo;am\u00e9liorer leurs comp\u00e9tences dans ce domaine.<br>\u00c0 YouR PSL, nous organisons des activit\u00e9s ax\u00e9es sur la cr\u00e9ation de motivation, l&rsquo;identification de mentors, la collecte de ressources ou de connaissances sur diff\u00e9rents aspects de l&rsquo;entrepreneuriat, la participation \u00e0 des concours d&rsquo;entreprise et sur la mise en relation. Vous trouverez une liste des \u00e9v\u00e9nements organis\u00e9s \u00e0 diff\u00e9rents moments :<\/p>\n\n\n\n<ul><li>\u00c9v\u00e9nement de t\u00e9moignage<\/li><li>Atelier<\/li><li>Concours d&rsquo;entreprise<\/li><li>Partage de ressources<\/li><\/ul>\n","protected":false},"excerpt":{"rendered":"<p>Cr\u00e9\u00e9 en 2019, le d\u00e9partement Entrepreneuriat a pour but de promouvoir l&rsquo;entrepreneuriat dans les choix de carri\u00e8re des chercheurs et chercheuses de PSL. Les actions visent \u00e0 donner acc\u00e8s aux \u00e9l\u00e9ments de l&rsquo;entrepreneuriat. YouR Psl entends devenir une plateforme pour <a href=\"https:\/\/yourpsl.org\/fr\/pole-entrepreneuriat\/\" class=\"read-more\">Read More &#8230;<\/a><\/p>\n","protected":false},"author":10,"featured_media":0,"parent":0,"menu_order":0,"comment_status":"closed","ping_status":"closed","template":"","meta":[],"_links":{"self":[{"href":"https:\/\/yourpsl.org\/fr\/wp-json\/wp\/v2\/pages\/232"}],"collection":[{"href":"https:\/\/yourpsl.org\/fr\/wp-json\/wp\/v2\/pages"}],"about":[{"href":"https:\/\/yourpsl.org\/fr\/wp-json\/wp\/v2\/types\/page"}],"author":[{"embeddable":true,"href":"https:\/\/yourpsl.org\/fr\/wp-json\/wp\/v2\/users\/10"}],"replies":[{"embeddable":true,"href":"https:\/\/yourpsl.org\/fr\/wp-json\/wp\/v2\/comments?post=232"}],"version-history":[{"count":5,"href":"https:\/\/yourpsl.org\/fr\/wp-json\/wp\/v2\/pages\/232\/revisions"}],"predecessor-version":[{"id":367,"href":"https:\/\/yourpsl.org\/fr\/wp-json\/wp\/v2\/pages\/232\/revisions\/367"}],"wp:attachment":[{"href":"https:\/\/yourpsl.org\/fr\/wp-json\/wp\/v2\/media?parent=232"}],"curies":[{"name":"wp","href":"https:\/\/api.w.org\/{rel}","templated":true}]}}