{"id":223,"date":"2022-02-05T23:15:57","date_gmt":"2022-02-05T22:15:57","guid":{"rendered":"http:\/\/yourpsl.org\/?page_id=223"},"modified":"2022-07-22T10:19:57","modified_gmt":"2022-07-22T08:19:57","slug":"psl-et-le-logement","status":"publish","type":"page","link":"https:\/\/yourpsl.org\/fr\/psl-et-le-logement\/","title":{"rendered":"Se loger \u00e0 Paris"},"content":{"rendered":"\n<p>Un certain nombre de possibilit\u00e9s pour te loger sont propos\u00e9es par PSL sur leur <a href=\"https:\/\/psl.eu\/vie-de-campus\/le-service-accueil-logement-de-psl\">site<\/a>, en particulier pour les \u00e9tudiants.<\/p>\n\n\n\n<p>Pour les postdocs \u00e9trangers, la solution la plus facile pour commencer est d\u2019obtenir un logement \u00e0 la <a href=\"https:\/\/www.ciup.fr\/\" target=\"_blank\" rel=\"noreferrer noopener\">CIUP<\/a>.&nbsp;<\/p>\n","protected":false},"excerpt":{"rendered":"<p>Un certain nombre de possibilit\u00e9s pour te loger sont propos\u00e9es par PSL sur leur site, en particulier pour les \u00e9tudiants. Pour les postdocs \u00e9trangers, la solution la plus facile pour commencer est d\u2019obtenir un logement \u00e0 la CIUP.&nbsp;<\/p>\n","protected":false},"author":10,"featured_media":0,"parent":0,"menu_order":0,"comment_status":"closed","ping_status":"closed","template":"","meta":[],"_links":{"self":[{"href":"https:\/\/yourpsl.org\/fr\/wp-json\/wp\/v2\/pages\/223"}],"collection":[{"href":"https:\/\/yourpsl.org\/fr\/wp-json\/wp\/v2\/pages"}],"about":[{"href":"https:\/\/yourpsl.org\/fr\/wp-json\/wp\/v2\/types\/page"}],"author":[{"embeddable":true,"href":"https:\/\/yourpsl.org\/fr\/wp-json\/wp\/v2\/users\/10"}],"replies":[{"embeddable":true,"href":"https:\/\/yourpsl.org\/fr\/wp-json\/wp\/v2\/comments?post=223"}],"version-history":[{"count":4,"href":"https:\/\/yourpsl.org\/fr\/wp-json\/wp\/v2\/pages\/223\/revisions"}],"predecessor-version":[{"id":1482,"href":"https:\/\/yourpsl.org\/fr\/wp-json\/wp\/v2\/pages\/223\/revisions\/1482"}],"wp:attachment":[{"href":"https:\/\/yourpsl.org\/fr\/wp-json\/wp\/v2\/media?parent=223"}],"curies":[{"name":"wp","href":"https:\/\/api.w.org\/{rel}","templated":true}]}}