{"id":22,"date":"2020-04-19T15:02:18","date_gmt":"2020-04-19T13:02:18","guid":{"rendered":"http:\/\/yourpsl.org\/?page_id=22"},"modified":"2022-07-22T12:10:35","modified_gmt":"2022-07-22T10:10:35","slug":"status-2","status":"publish","type":"page","link":"https:\/\/yourpsl.org\/fr\/status-2\/","title":{"rendered":"Notre mission"},"content":{"rendered":"\n<p><strong>YouR PSL (Young Researchers from PSL) est la toute nouvelle association des jeunes chercheurs issus des \u00e9tablissements de Paris Sciences et Lettres (PSL).<\/strong><\/p>\n\n\n\n<p>Nos buts sont de:<\/p>\n\n\n\n<ul><li>Proposer des \u00e9v\u00e8nements de campus aux institutions sans association<\/li><li>Cr\u00e9er un r\u00e9seau des jeunes chercheurs des diff\u00e9rentes institutions de PSL<\/li><li>Vous connecter avec d\u2019autres universit\u00e9s fran\u00e7aises et \u00e9trang\u00e8res<\/li><li>Faciliter l\u2019insertion des \u00e9trangers dans PSL<\/li><li>Proposer un large panel d\u2019activit\u00e9s sociales ou culturelles<\/li><li>Am\u00e9liorer l\u2019int\u00e9gration professionnelle des docteurs<\/li><li>Sensibiliser \u00e0 l\u2019entrepreneuriat et accompagner vos projets, clubs et initiatives PSL<\/li><\/ul>\n","protected":false},"excerpt":{"rendered":"<p>YouR PSL (Young Researchers from PSL) est la toute nouvelle association des jeunes chercheurs issus des \u00e9tablissements de Paris Sciences et Lettres (PSL). Nos buts sont de: Proposer des \u00e9v\u00e8nements de campus aux institutions sans association Cr\u00e9er un r\u00e9seau des <a href=\"https:\/\/yourpsl.org\/fr\/status-2\/\" class=\"read-more\">Read More &#8230;<\/a><\/p>\n","protected":false},"author":1,"featured_media":0,"parent":0,"menu_order":0,"comment_status":"closed","ping_status":"closed","template":"","meta":[],"_links":{"self":[{"href":"https:\/\/yourpsl.org\/fr\/wp-json\/wp\/v2\/pages\/22"}],"collection":[{"href":"https:\/\/yourpsl.org\/fr\/wp-json\/wp\/v2\/pages"}],"about":[{"href":"https:\/\/yourpsl.org\/fr\/wp-json\/wp\/v2\/types\/page"}],"author":[{"embeddable":true,"href":"https:\/\/yourpsl.org\/fr\/wp-json\/wp\/v2\/users\/1"}],"replies":[{"embeddable":true,"href":"https:\/\/yourpsl.org\/fr\/wp-json\/wp\/v2\/comments?post=22"}],"version-history":[{"count":2,"href":"https:\/\/yourpsl.org\/fr\/wp-json\/wp\/v2\/pages\/22\/revisions"}],"predecessor-version":[{"id":175,"href":"https:\/\/yourpsl.org\/fr\/wp-json\/wp\/v2\/pages\/22\/revisions\/175"}],"wp:attachment":[{"href":"https:\/\/yourpsl.org\/fr\/wp-json\/wp\/v2\/media?parent=22"}],"curies":[{"name":"wp","href":"https:\/\/api.w.org\/{rel}","templated":true}]}}