{"id":210,"date":"2021-05-19T20:15:03","date_gmt":"2021-05-19T18:15:03","guid":{"rendered":"http:\/\/yourpsl.org\/?page_id=210"},"modified":"2022-07-22T12:10:34","modified_gmt":"2022-07-22T10:10:34","slug":"astuces-pour-les-internationaux","status":"publish","type":"page","link":"https:\/\/yourpsl.org\/fr\/astuces-pour-les-internationaux\/","title":{"rendered":"Astuces pour les internationaux"},"content":{"rendered":"<div class=\"wp-block-image\">\n<figure class=\"aligncenter size-large\"><img loading=\"lazy\" width=\"1024\" height=\"335\" src=\"https:\/\/yourpsl.org\/wp-content\/uploads\/2021\/05\/international-1-scaled-e1657024668473-1024x335.jpg\" alt=\"\" class=\"wp-image-1411\" srcset=\"https:\/\/yourpsl.org\/wp-content\/uploads\/2021\/05\/international-1-scaled-e1657024668473-1024x335.jpg 1024w, https:\/\/yourpsl.org\/wp-content\/uploads\/2021\/05\/international-1-scaled-e1657024668473-300x98.jpg 300w, https:\/\/yourpsl.org\/wp-content\/uploads\/2021\/05\/international-1-scaled-e1657024668473-768x251.jpg 768w, https:\/\/yourpsl.org\/wp-content\/uploads\/2021\/05\/international-1-scaled-e1657024668473-360x118.jpg 360w, https:\/\/yourpsl.org\/wp-content\/uploads\/2021\/05\/international-1-scaled-e1657024668473.jpg 1376w\" sizes=\"(max-width: 1024px) 100vw, 1024px\" \/><\/figure><\/div>\n\n\n<p>D\u00e8s que tu sais que tu viendras \u00e0 PSL (et donc avant ton arriv\u00e9e en France), prends contact avec nous et avec le <a href=\"https:\/\/psl.eu\/vie-de-campus\/welcome-desk\">PSL Welcome Desk<\/a> ! Ton accueil \u00e0 Paris n\u2019en sera que facilit\u00e9, et nous pourrons te mettre en relation avec un jeune chercheur charg\u00e9 de t\u2019int\u00e9grer dans l&rsquo;\u00e9cosyst\u00e8me.<\/p>\n","protected":false},"excerpt":{"rendered":"<p>D\u00e8s que tu sais que tu viendras \u00e0 PSL (et donc avant ton arriv\u00e9e en France), prends contact avec nous et avec le PSL Welcome Desk ! Ton accueil \u00e0 Paris n\u2019en sera que facilit\u00e9, et nous pourrons te mettre <a href=\"https:\/\/yourpsl.org\/fr\/astuces-pour-les-internationaux\/\" class=\"read-more\">Read More &#8230;<\/a><\/p>\n","protected":false},"author":10,"featured_media":379,"parent":0,"menu_order":0,"comment_status":"closed","ping_status":"closed","template":"","meta":[],"_links":{"self":[{"href":"https:\/\/yourpsl.org\/fr\/wp-json\/wp\/v2\/pages\/210"}],"collection":[{"href":"https:\/\/yourpsl.org\/fr\/wp-json\/wp\/v2\/pages"}],"about":[{"href":"https:\/\/yourpsl.org\/fr\/wp-json\/wp\/v2\/types\/page"}],"author":[{"embeddable":true,"href":"https:\/\/yourpsl.org\/fr\/wp-json\/wp\/v2\/users\/10"}],"replies":[{"embeddable":true,"href":"https:\/\/yourpsl.org\/fr\/wp-json\/wp\/v2\/comments?post=210"}],"version-history":[{"count":8,"href":"https:\/\/yourpsl.org\/fr\/wp-json\/wp\/v2\/pages\/210\/revisions"}],"predecessor-version":[{"id":1573,"href":"https:\/\/yourpsl.org\/fr\/wp-json\/wp\/v2\/pages\/210\/revisions\/1573"}],"wp:featuredmedia":[{"embeddable":true,"href":"https:\/\/yourpsl.org\/fr\/wp-json\/wp\/v2\/media\/379"}],"wp:attachment":[{"href":"https:\/\/yourpsl.org\/fr\/wp-json\/wp\/v2\/media?parent=210"}],"curies":[{"name":"wp","href":"https:\/\/api.w.org\/{rel}","templated":true}]}}