{"id":209,"date":"2021-05-19T20:13:25","date_gmt":"2021-05-19T18:13:25","guid":{"rendered":"http:\/\/yourpsl.org\/?page_id=209"},"modified":"2022-07-22T10:20:16","modified_gmt":"2022-07-22T08:20:16","slug":"psl-et-le-sport","status":"publish","type":"page","link":"https:\/\/yourpsl.org\/fr\/psl-et-le-sport\/","title":{"rendered":"Sport"},"content":{"rendered":"<div class=\"wp-block-image\">\n<figure class=\"aligncenter size-full\"><img loading=\"lazy\" width=\"921\" height=\"300\" src=\"https:\/\/yourpsl.org\/wp-content\/uploads\/2021\/05\/sport-banner-1-e1657018263720.png\" alt=\"\" class=\"wp-image-1413\" srcset=\"https:\/\/yourpsl.org\/wp-content\/uploads\/2021\/05\/sport-banner-1-e1657018263720.png 921w, https:\/\/yourpsl.org\/wp-content\/uploads\/2021\/05\/sport-banner-1-e1657018263720-300x98.png 300w, https:\/\/yourpsl.org\/wp-content\/uploads\/2021\/05\/sport-banner-1-e1657018263720-768x250.png 768w, https:\/\/yourpsl.org\/wp-content\/uploads\/2021\/05\/sport-banner-1-e1657018263720-360x117.png 360w\" sizes=\"(max-width: 921px) 100vw, 921px\" \/><\/figure><\/div>\n\n\n<p>En tant que jeune chercheur, tu as acc\u00e8s \u00e0 une grande vari\u00e9t\u00e9 de sports \u201cloisir\u201d au sein de l\u2019Universit\u00e9 via l\u2019AS PSL (Association Sportive PSL). Pour plus de d\u00e9tails, clique <a href=\"https:\/\/sports.psl.eu\/fr.html\">ici<\/a>. Certains sports\/cr\u00e9neaux sont r\u00e9serv\u00e9s \u00e0 un \u00e9tablissement donn\u00e9, d\u2019autres aux membres de PSL, et enfin certains sont ouverts \u00e0 tous. Tu peux t&rsquo;inscrire de trois mani\u00e8res :<\/p>\n\n\n\n<ul><li>Si ton \u00e9tablissement dispose d\u2019un BDS (Bureau des sports), nous te conseillons de de t&rsquo;y rendre pour t&rsquo;inscrire \u00e0&nbsp; l\u2019AS PSL : tu b\u00e9n\u00e9ficieras d&rsquo;un tarif privil\u00e9gi\u00e9 et tu auras acc\u00e8s aux sports\/cr\u00e9neaux propos\u00e9s par ton \u00e9tablissement. \u00c9tablissements disposant d\u2019un BDS : <a href=\"https:\/\/www.facebook.com\/asespci\/\">ESPCI Paris &#8211; PSL<\/a>, <a href=\"https:\/\/www.bds.ens.fr\/\">ENS &#8211; PSL<\/a>, <a href=\"https:\/\/www.facebook.com\/bdsminesparistech\/\">Mines Paris &#8211; PSL<\/a>, <a href=\"https:\/\/www.facebook.com\/BdsChimieParistech\/\">ENSCP &#8211; PSL<\/a>.&nbsp;<\/li><li>Si tu es sp\u00e9cifiquement int\u00e9ress\u00e9 par une association ind\u00e9pendante (exemple : l\u2019<a href=\"http:\/\/ece-escrime.fr\/\">Escrime Club Estudiantin<\/a>), nous te conseillons de t\u2019inscrire \u00e0 l\u2019AS PSL via ce club en les contactant (en particulier si tu ne peux pas t\u2019inscrire via un BDS).<\/li><li>Sinon, tu peux t\u2019inscrire seulement \u00e0 l\u2019AS PSL en suivant ce <a href=\"https:\/\/sports.inscription.psl.eu\/\">lien<\/a>.<\/li><\/ul>\n\n\n\n<p>N\u2019h\u00e9site-pas \u00e0 nous contacter pour toute demande de contact\/information.<\/p>\n\n\n\n<p><strong>Faire du sport avec YouR PSL<\/strong><\/p>\n\n\n\n<p>En fonction de la demande, YouR PSL organise ou soutient des initiatives sportives pour Jeunes Chercheurs : jogging collectif, sorties, courses caritatives\u2026 Des \u00e9v\u00e9nements inter-associatifs sont aussi r\u00e9guli\u00e8rement organis\u00e9s (Voyage au ski, Tournois). Pour plus d\u2019informations, regarde la page \u00e9v\u00e8nements [ajouter le lien].<\/p>\n\n\n\n<p><strong>Faire du sport hors de PSL<\/strong><\/p>\n\n\n\n<p>Tous les sports ne sont pas repr\u00e9sent\u00e9s \u00e0 PSL, certains cr\u00e9neaux ou lieux peuvent ne pas t\u2019arranger. Tu peux donc aussi adh\u00e9rer \u00e0 d\u2019autres associations sportives universitaires. Les plus appropri\u00e9es sont celles de Sorbonne Universit\u00e9 (<a href=\"https:\/\/daps.upmc.fr\/gestion\/planning\">ASSU SIM, DAPS<\/a>). Exemple de sport propos\u00e9 non disponible \u00e0 PSL : <a href=\"https:\/\/pmp6.fr\/\">Plong\u00e9e sous-marine<\/a>.<\/p>\n","protected":false},"excerpt":{"rendered":"<p>En tant que jeune chercheur, tu as acc\u00e8s \u00e0 une grande vari\u00e9t\u00e9 de sports \u201cloisir\u201d au sein de l\u2019Universit\u00e9 via l\u2019AS PSL (Association Sportive PSL). Pour plus de d\u00e9tails, clique ici. Certains sports\/cr\u00e9neaux sont r\u00e9serv\u00e9s \u00e0 un \u00e9tablissement donn\u00e9, d\u2019autres <a href=\"https:\/\/yourpsl.org\/fr\/psl-et-le-sport\/\" class=\"read-more\">Read More &#8230;<\/a><\/p>\n","protected":false},"author":10,"featured_media":390,"parent":0,"menu_order":0,"comment_status":"closed","ping_status":"closed","template":"","meta":[],"_links":{"self":[{"href":"https:\/\/yourpsl.org\/fr\/wp-json\/wp\/v2\/pages\/209"}],"collection":[{"href":"https:\/\/yourpsl.org\/fr\/wp-json\/wp\/v2\/pages"}],"about":[{"href":"https:\/\/yourpsl.org\/fr\/wp-json\/wp\/v2\/types\/page"}],"author":[{"embeddable":true,"href":"https:\/\/yourpsl.org\/fr\/wp-json\/wp\/v2\/users\/10"}],"replies":[{"embeddable":true,"href":"https:\/\/yourpsl.org\/fr\/wp-json\/wp\/v2\/comments?post=209"}],"version-history":[{"count":6,"href":"https:\/\/yourpsl.org\/fr\/wp-json\/wp\/v2\/pages\/209\/revisions"}],"predecessor-version":[{"id":1296,"href":"https:\/\/yourpsl.org\/fr\/wp-json\/wp\/v2\/pages\/209\/revisions\/1296"}],"wp:featuredmedia":[{"embeddable":true,"href":"https:\/\/yourpsl.org\/fr\/wp-json\/wp\/v2\/media\/390"}],"wp:attachment":[{"href":"https:\/\/yourpsl.org\/fr\/wp-json\/wp\/v2\/media?parent=209"}],"curies":[{"name":"wp","href":"https:\/\/api.w.org\/{rel}","templated":true}]}}