{"id":205,"date":"2021-05-28T14:16:35","date_gmt":"2021-05-28T12:16:35","guid":{"rendered":"http:\/\/yourpsl.org\/?page_id=205"},"modified":"2022-07-22T12:10:35","modified_gmt":"2022-07-22T10:10:35","slug":"psl-fr","status":"publish","type":"page","link":"https:\/\/yourpsl.org\/fr\/psl-fr\/","title":{"rendered":"PSL"},"content":{"rendered":"\n<figure class=\"wp-block-image size-large is-resized\"><img loading=\"lazy\" src=\"https:\/\/yourpsl.org\/wp-content\/uploads\/2021\/05\/rubon434.png\" alt=\"\" class=\"wp-image-1379\" width=\"580\" height=\"189\" srcset=\"https:\/\/yourpsl.org\/wp-content\/uploads\/2021\/05\/rubon434.png 700w, https:\/\/yourpsl.org\/wp-content\/uploads\/2021\/05\/rubon434-300x98.png 300w, https:\/\/yourpsl.org\/wp-content\/uploads\/2021\/05\/rubon434-360x118.png 360w\" sizes=\"(max-width: 580px) 100vw, 580px\" \/><figcaption><a href=\"https:\/\/psl.eu\/\">Universit\u00e9 Paris Sciences &amp; Lettres<\/a><\/figcaption><\/figure>\n\n\n\n<p>L&rsquo;association YouR PSL est ouverte \u00e0 tout jeune chercheur issu du r\u00e9seau PSL : ancien ou pr\u00e9sent dans un \u00e9tablissement.<\/p>\n\n\n\n<p>L&rsquo;Universit\u00e9 PSL est compos\u00e9e de 9 institutions fondatrices et de 2 institutions membres associ\u00e9es :<\/p>\n\n\n\n<figure class=\"wp-container-2 wp-block-gallery-1 wp-block-gallery has-nested-images columns-4 is-cropped\">\n<figure class=\"wp-block-image size-large\"><img loading=\"lazy\" width=\"473\" height=\"320\" data-id=\"1380\"  src=\"https:\/\/yourpsl.org\/wp-content\/uploads\/2021\/05\/1ecol_min2.jpg\" alt=\"\" class=\"wp-image-1380\" srcset=\"https:\/\/yourpsl.org\/wp-content\/uploads\/2021\/05\/1ecol_min2.jpg 473w, https:\/\/yourpsl.org\/wp-content\/uploads\/2021\/05\/1ecol_min2-300x203.jpg 300w, https:\/\/yourpsl.org\/wp-content\/uploads\/2021\/05\/1ecol_min2-360x244.jpg 360w\" sizes=\"(max-width: 473px) 100vw, 473px\" \/><figcaption><a href=\"https:\/\/www.minesparis.psl.eu\/\">Mines de Paris<\/a><\/figcaption><\/figure>\n\n\n\n<figure class=\"wp-block-image size-large\"><img loading=\"lazy\" width=\"622\" height=\"380\" data-id=\"1381\"  src=\"https:\/\/yourpsl.org\/wp-content\/uploads\/2021\/05\/C215-marie-curie-facade-Uriel-Chantraine-Institut-Curie.jpg\" alt=\"\" class=\"wp-image-1381\" srcset=\"https:\/\/yourpsl.org\/wp-content\/uploads\/2021\/05\/C215-marie-curie-facade-Uriel-Chantraine-Institut-Curie.jpg 622w, https:\/\/yourpsl.org\/wp-content\/uploads\/2021\/05\/C215-marie-curie-facade-Uriel-Chantraine-Institut-Curie-300x183.jpg 300w, https:\/\/yourpsl.org\/wp-content\/uploads\/2021\/05\/C215-marie-curie-facade-Uriel-Chantraine-Institut-Curie-360x220.jpg 360w\" sizes=\"(max-width: 622px) 100vw, 622px\" \/><figcaption><a href=\"https:\/\/curie.fr\/\">Institut Curie<\/a><\/figcaption><\/figure>\n\n\n\n<figure class=\"wp-block-image size-large\"><img loading=\"lazy\" width=\"580\" height=\"310\" data-id=\"1382\"  src=\"https:\/\/yourpsl.org\/wp-content\/uploads\/2021\/05\/chimieparis.jpg\" alt=\"\" class=\"wp-image-1382\" srcset=\"https:\/\/yourpsl.org\/wp-content\/uploads\/2021\/05\/chimieparis.jpg 580w, https:\/\/yourpsl.org\/wp-content\/uploads\/2021\/05\/chimieparis-300x160.jpg 300w, https:\/\/yourpsl.org\/wp-content\/uploads\/2021\/05\/chimieparis-360x192.jpg 360w\" sizes=\"(max-width: 580px) 100vw, 580px\" \/><figcaption><a href=\"https:\/\/www.chimieparistech.psl.eu\/\">Chimie ParisTech<\/a><\/figcaption><\/figure>\n\n\n\n<figure class=\"wp-block-image size-large\"><img loading=\"lazy\" width=\"416\" height=\"312\" data-id=\"1388\"  src=\"https:\/\/yourpsl.org\/wp-content\/uploads\/2021\/05\/TN_college_de_france-12c28.jpg\" alt=\"\" class=\"wp-image-1388\" srcset=\"https:\/\/yourpsl.org\/wp-content\/uploads\/2021\/05\/TN_college_de_france-12c28.jpg 416w, https:\/\/yourpsl.org\/wp-content\/uploads\/2021\/05\/TN_college_de_france-12c28-300x225.jpg 300w, https:\/\/yourpsl.org\/wp-content\/uploads\/2021\/05\/TN_college_de_france-12c28-360x270.jpg 360w\" sizes=\"(max-width: 416px) 100vw, 416px\" \/><figcaption><a href=\"https:\/\/www.college-de-france.fr\/site\/college\/index.htm\">Coll\u00e8ge de France<\/a><\/figcaption><\/figure>\n\n\n\n<figure class=\"wp-block-image size-large\"><img loading=\"lazy\" width=\"676\" height=\"380\" data-id=\"1389\"  src=\"https:\/\/yourpsl.org\/wp-content\/uploads\/2021\/05\/enc.jpg\" alt=\"\" class=\"wp-image-1389\" srcset=\"https:\/\/yourpsl.org\/wp-content\/uploads\/2021\/05\/enc.jpg 676w, https:\/\/yourpsl.org\/wp-content\/uploads\/2021\/05\/enc-300x169.jpg 300w, https:\/\/yourpsl.org\/wp-content\/uploads\/2021\/05\/enc-360x202.jpg 360w\" sizes=\"(max-width: 676px) 100vw, 676px\" \/><figcaption><a href=\"http:\/\/www.chartes.psl.eu\/\">\u00c9cole Nationale des Chartes<\/a><\/figcaption><\/figure>\n\n\n\n<figure class=\"wp-block-image size-large\"><img loading=\"lazy\" width=\"524\" height=\"272\" data-id=\"1387\"  src=\"https:\/\/yourpsl.org\/wp-content\/uploads\/2021\/05\/observatoire.jpg\" alt=\"\" class=\"wp-image-1387\" srcset=\"https:\/\/yourpsl.org\/wp-content\/uploads\/2021\/05\/observatoire.jpg 524w, https:\/\/yourpsl.org\/wp-content\/uploads\/2021\/05\/observatoire-300x156.jpg 300w, https:\/\/yourpsl.org\/wp-content\/uploads\/2021\/05\/observatoire-360x187.jpg 360w\" sizes=\"(max-width: 524px) 100vw, 524px\" \/><figcaption><a href=\"https:\/\/www.observatoiredeparis.psl.eu\/\">Observatoire de Paris<\/a><\/figcaption><\/figure>\n\n\n\n<figure class=\"wp-block-image size-large\"><img loading=\"lazy\" width=\"429\" height=\"380\" data-id=\"1385\"  src=\"https:\/\/yourpsl.org\/wp-content\/uploads\/2021\/05\/ephe.jpg\" alt=\"\" class=\"wp-image-1385\" srcset=\"https:\/\/yourpsl.org\/wp-content\/uploads\/2021\/05\/ephe.jpg 429w, https:\/\/yourpsl.org\/wp-content\/uploads\/2021\/05\/ephe-300x266.jpg 300w, https:\/\/yourpsl.org\/wp-content\/uploads\/2021\/05\/ephe-305x270.jpg 305w\" sizes=\"(max-width: 429px) 100vw, 429px\" \/><figcaption><a href=\"https:\/\/www.ephe.psl.eu\/\">\u00c9cole Pratique des Hautes \u00c9tudes<\/a><\/figcaption><\/figure>\n\n\n\n<figure class=\"wp-block-image size-large\"><img loading=\"lazy\" width=\"250\" height=\"375\" data-id=\"1390\"  src=\"https:\/\/yourpsl.org\/wp-content\/uploads\/2021\/05\/cnsad.jpg\" alt=\"\" class=\"wp-image-1390\" srcset=\"https:\/\/yourpsl.org\/wp-content\/uploads\/2021\/05\/cnsad.jpg 250w, https:\/\/yourpsl.org\/wp-content\/uploads\/2021\/05\/cnsad-200x300.jpg 200w, https:\/\/yourpsl.org\/wp-content\/uploads\/2021\/05\/cnsad-180x270.jpg 180w\" sizes=\"(max-width: 250px) 100vw, 250px\" \/><figcaption><a href=\"https:\/\/cnsad.psl.eu\/\">Conservatoire National Sup\u00e9rieur d Art Dramatique<\/a><\/figcaption><\/figure>\n\n\n\n<figure class=\"wp-block-image size-large\"><img loading=\"lazy\" width=\"507\" height=\"380\" data-id=\"1384\"  src=\"https:\/\/yourpsl.org\/wp-content\/uploads\/2021\/05\/ENS_Ulm_cour_Ernests_DSC00106.jpg\" alt=\"\" class=\"wp-image-1384\" srcset=\"https:\/\/yourpsl.org\/wp-content\/uploads\/2021\/05\/ENS_Ulm_cour_Ernests_DSC00106.jpg 507w, https:\/\/yourpsl.org\/wp-content\/uploads\/2021\/05\/ENS_Ulm_cour_Ernests_DSC00106-300x225.jpg 300w, https:\/\/yourpsl.org\/wp-content\/uploads\/2021\/05\/ENS_Ulm_cour_Ernests_DSC00106-360x270.jpg 360w\" sizes=\"(max-width: 507px) 100vw, 507px\" \/><figcaption><a href=\"https:\/\/www.ens.psl.eu\/\">\u00c9cole Normale Sup\u00e9rieure<\/a><\/figcaption><\/figure>\n\n\n\n<figure class=\"wp-block-image size-large\"><img loading=\"lazy\" width=\"570\" height=\"380\" data-id=\"1383\"  src=\"https:\/\/yourpsl.org\/wp-content\/uploads\/2021\/05\/dauphine.jpg\" alt=\"\" class=\"wp-image-1383\" srcset=\"https:\/\/yourpsl.org\/wp-content\/uploads\/2021\/05\/dauphine.jpg 570w, https:\/\/yourpsl.org\/wp-content\/uploads\/2021\/05\/dauphine-300x200.jpg 300w, https:\/\/yourpsl.org\/wp-content\/uploads\/2021\/05\/dauphine-360x240.jpg 360w\" sizes=\"(max-width: 570px) 100vw, 570px\" \/><figcaption><a href=\"https:\/\/dauphine.psl.eu\/\">Universit\u00e9 Paris Dauphine<\/a><\/figcaption><\/figure>\n\n\n\n<figure class=\"wp-block-image size-large\"><img loading=\"lazy\" width=\"500\" height=\"375\" data-id=\"1386\"  src=\"https:\/\/yourpsl.org\/wp-content\/uploads\/2021\/05\/ESPCI-Paris-tech.jpg\" alt=\"\" class=\"wp-image-1386\" srcset=\"https:\/\/yourpsl.org\/wp-content\/uploads\/2021\/05\/ESPCI-Paris-tech.jpg 500w, https:\/\/yourpsl.org\/wp-content\/uploads\/2021\/05\/ESPCI-Paris-tech-300x225.jpg 300w, https:\/\/yourpsl.org\/wp-content\/uploads\/2021\/05\/ESPCI-Paris-tech-360x270.jpg 360w\" sizes=\"(max-width: 500px) 100vw, 500px\" \/><figcaption><a href=\"https:\/\/www.espci.psl.eu\/fr\/\">ESPCI Paris<\/a><\/figcaption><\/figure>\n<\/figure>\n\n\n\n<p>Plusieurs autres \u00e9tablissements sont partenaires, anciens partenaires ou proches de l&rsquo;Universit\u00e9 PSL:<\/p>\n\n\n\n<figure class=\"wp-container-4 wp-block-gallery-3 wp-block-gallery has-nested-images columns-default is-cropped\">\n<figure class=\"wp-block-image size-large\"><img loading=\"lazy\" width=\"571\" height=\"380\" data-id=\"1392\"  src=\"https:\/\/yourpsl.org\/wp-content\/uploads\/2021\/05\/efeo.jpg\" alt=\"\" class=\"wp-image-1392\" srcset=\"https:\/\/yourpsl.org\/wp-content\/uploads\/2021\/05\/efeo.jpg 571w, https:\/\/yourpsl.org\/wp-content\/uploads\/2021\/05\/efeo-300x200.jpg 300w, https:\/\/yourpsl.org\/wp-content\/uploads\/2021\/05\/efeo-360x240.jpg 360w\" sizes=\"(max-width: 571px) 100vw, 571px\" \/><figcaption><a href=\"https:\/\/www.efeo.fr\/\">EFEO<\/a><\/figcaption><\/figure>\n\n\n\n<figure class=\"wp-block-image size-large\"><img loading=\"lazy\" width=\"577\" height=\"380\" data-id=\"1394\"  src=\"https:\/\/yourpsl.org\/wp-content\/uploads\/2021\/05\/ensad_6.jpg\" alt=\"\" class=\"wp-image-1394\" srcset=\"https:\/\/yourpsl.org\/wp-content\/uploads\/2021\/05\/ensad_6.jpg 577w, https:\/\/yourpsl.org\/wp-content\/uploads\/2021\/05\/ensad_6-300x198.jpg 300w, https:\/\/yourpsl.org\/wp-content\/uploads\/2021\/05\/ensad_6-360x237.jpg 360w\" sizes=\"(max-width: 577px) 100vw, 577px\" \/><figcaption><a href=\"https:\/\/www.ensad.fr\/\">ENSAD<\/a><\/figcaption><\/figure>\n\n\n\n<figure class=\"wp-block-image size-large\"><img loading=\"lazy\" width=\"676\" height=\"380\" data-id=\"1399\"  src=\"https:\/\/yourpsl.org\/wp-content\/uploads\/2021\/05\/rsz_ensba-beaux-arts-paris-zigzag-6-scaled-1.jpg\" alt=\"\" class=\"wp-image-1399\" srcset=\"https:\/\/yourpsl.org\/wp-content\/uploads\/2021\/05\/rsz_ensba-beaux-arts-paris-zigzag-6-scaled-1.jpg 676w, https:\/\/yourpsl.org\/wp-content\/uploads\/2021\/05\/rsz_ensba-beaux-arts-paris-zigzag-6-scaled-1-300x169.jpg 300w, https:\/\/yourpsl.org\/wp-content\/uploads\/2021\/05\/rsz_ensba-beaux-arts-paris-zigzag-6-scaled-1-360x202.jpg 360w\" sizes=\"(max-width: 676px) 100vw, 676px\" \/><figcaption><a href=\"https:\/\/www.beauxartsparis.fr\/fr\">Beaux-Arts<\/a><\/figcaption><\/figure>\n\n\n\n<figure class=\"wp-block-image size-large\"><img loading=\"lazy\" width=\"507\" height=\"380\" data-id=\"1391\"  src=\"https:\/\/yourpsl.org\/wp-content\/uploads\/2021\/05\/cnsmd.jpg\" alt=\"\" class=\"wp-image-1391\" srcset=\"https:\/\/yourpsl.org\/wp-content\/uploads\/2021\/05\/cnsmd.jpg 507w, https:\/\/yourpsl.org\/wp-content\/uploads\/2021\/05\/cnsmd-300x225.jpg 300w, https:\/\/yourpsl.org\/wp-content\/uploads\/2021\/05\/cnsmd-360x270.jpg 360w\" sizes=\"(max-width: 507px) 100vw, 507px\" \/><figcaption><a href=\"http:\/\/www.conservatoiredeparis.fr\/\">Conservatoire de Paris<\/a><\/figcaption><\/figure>\n\n\n\n<figure class=\"wp-block-image size-large\"><img loading=\"lazy\" width=\"380\" height=\"380\" data-id=\"1393\"  src=\"https:\/\/yourpsl.org\/wp-content\/uploads\/2021\/05\/ensa.jpg\" alt=\"\" class=\"wp-image-1393\" srcset=\"https:\/\/yourpsl.org\/wp-content\/uploads\/2021\/05\/ensa.jpg 380w, https:\/\/yourpsl.org\/wp-content\/uploads\/2021\/05\/ensa-300x300.jpg 300w, https:\/\/yourpsl.org\/wp-content\/uploads\/2021\/05\/ensa-150x150.jpg 150w, https:\/\/yourpsl.org\/wp-content\/uploads\/2021\/05\/ensa-270x270.jpg 270w\" sizes=\"(max-width: 380px) 100vw, 380px\" \/><figcaption><a href=\"https:\/\/paris-malaquais.archi.fr\/\">ENSA Paris Malaquais<\/a><\/figcaption><\/figure>\n\n\n\n<figure class=\"wp-block-image size-large\"><img loading=\"lazy\" width=\"300\" height=\"300\" data-id=\"1396\"  src=\"https:\/\/yourpsl.org\/wp-content\/uploads\/2021\/05\/la-femis-1-51279f2049423.jpg\" alt=\"\" class=\"wp-image-1396\" srcset=\"https:\/\/yourpsl.org\/wp-content\/uploads\/2021\/05\/la-femis-1-51279f2049423.jpg 300w, https:\/\/yourpsl.org\/wp-content\/uploads\/2021\/05\/la-femis-1-51279f2049423-150x150.jpg 150w, https:\/\/yourpsl.org\/wp-content\/uploads\/2021\/05\/la-femis-1-51279f2049423-270x270.jpg 270w\" sizes=\"(max-width: 300px) 100vw, 300px\" \/><figcaption><a href=\"https:\/\/www.femis.fr\/\">La Femis<\/a><\/figcaption><\/figure>\n\n\n\n<figure class=\"wp-block-image size-large\"><img loading=\"lazy\" width=\"360\" height=\"170\" data-id=\"1395\"  src=\"https:\/\/yourpsl.org\/wp-content\/uploads\/2021\/05\/galaxie-etab-institut-louis-bachelier-palais-brogniart-cc-ilb.jpg\" alt=\"\" class=\"wp-image-1395\" srcset=\"https:\/\/yourpsl.org\/wp-content\/uploads\/2021\/05\/galaxie-etab-institut-louis-bachelier-palais-brogniart-cc-ilb.jpg 360w, https:\/\/yourpsl.org\/wp-content\/uploads\/2021\/05\/galaxie-etab-institut-louis-bachelier-palais-brogniart-cc-ilb-300x142.jpg 300w\" sizes=\"(max-width: 360px) 100vw, 360px\" \/><figcaption><a href=\"http:\/\/www.institutlouisbachelier.org\/\">Institut Louis Bachelier<\/a><\/figcaption><\/figure>\n\n\n\n<figure class=\"wp-block-image size-large\"><img loading=\"lazy\" width=\"571\" height=\"380\" data-id=\"1397\"  src=\"https:\/\/yourpsl.org\/wp-content\/uploads\/2021\/05\/L-ENA-a-Strasbourg.jpg\" alt=\"\" class=\"wp-image-1397\" srcset=\"https:\/\/yourpsl.org\/wp-content\/uploads\/2021\/05\/L-ENA-a-Strasbourg.jpg 571w, https:\/\/yourpsl.org\/wp-content\/uploads\/2021\/05\/L-ENA-a-Strasbourg-300x200.jpg 300w, https:\/\/yourpsl.org\/wp-content\/uploads\/2021\/05\/L-ENA-a-Strasbourg-360x240.jpg 360w\" sizes=\"(max-width: 571px) 100vw, 571px\" \/><figcaption><a href=\"https:\/\/www.ena.fr\/\">ENA<\/a><\/figcaption><\/figure>\n\n\n\n<figure class=\"wp-block-image size-large\"><img loading=\"lazy\" width=\"570\" height=\"380\" data-id=\"1398\"  src=\"https:\/\/yourpsl.org\/wp-content\/uploads\/2021\/05\/plas_ibpc-6842_72dpi.jpg\" alt=\"\" class=\"wp-image-1398\" srcset=\"https:\/\/yourpsl.org\/wp-content\/uploads\/2021\/05\/plas_ibpc-6842_72dpi.jpg 570w, https:\/\/yourpsl.org\/wp-content\/uploads\/2021\/05\/plas_ibpc-6842_72dpi-300x200.jpg 300w, https:\/\/yourpsl.org\/wp-content\/uploads\/2021\/05\/plas_ibpc-6842_72dpi-360x240.jpg 360w\" sizes=\"(max-width: 570px) 100vw, 570px\" \/><figcaption><a href=\"http:\/\/www.ibpc.fr\/\">IBPC<\/a><\/figcaption><\/figure>\n<\/figure>\n\n\n\n<p><\/p>\n","protected":false},"excerpt":{"rendered":"<p>L&rsquo;association YouR PSL est ouverte \u00e0 tout jeune chercheur issu du r\u00e9seau PSL : ancien ou pr\u00e9sent dans un \u00e9tablissement. L&rsquo;Universit\u00e9 PSL est compos\u00e9e de 9 institutions fondatrices et de 2 institutions membres associ\u00e9es : Plusieurs autres \u00e9tablissements sont partenaires, <a href=\"https:\/\/yourpsl.org\/fr\/psl-fr\/\" class=\"read-more\">Read More &#8230;<\/a><\/p>\n","protected":false},"author":10,"featured_media":0,"parent":0,"menu_order":0,"comment_status":"closed","ping_status":"closed","template":"","meta":[],"_links":{"self":[{"href":"https:\/\/yourpsl.org\/fr\/wp-json\/wp\/v2\/pages\/205"}],"collection":[{"href":"https:\/\/yourpsl.org\/fr\/wp-json\/wp\/v2\/pages"}],"about":[{"href":"https:\/\/yourpsl.org\/fr\/wp-json\/wp\/v2\/types\/page"}],"author":[{"embeddable":true,"href":"https:\/\/yourpsl.org\/fr\/wp-json\/wp\/v2\/users\/10"}],"replies":[{"embeddable":true,"href":"https:\/\/yourpsl.org\/fr\/wp-json\/wp\/v2\/comments?post=205"}],"version-history":[{"count":12,"href":"https:\/\/yourpsl.org\/fr\/wp-json\/wp\/v2\/pages\/205\/revisions"}],"predecessor-version":[{"id":1578,"href":"https:\/\/yourpsl.org\/fr\/wp-json\/wp\/v2\/pages\/205\/revisions\/1578"}],"wp:attachment":[{"href":"https:\/\/yourpsl.org\/fr\/wp-json\/wp\/v2\/media?parent=205"}],"curies":[{"name":"wp","href":"https:\/\/api.w.org\/{rel}","templated":true}]}}